{"id":17,"date":"2018-02-09T09:54:06","date_gmt":"2018-02-09T09:54:06","guid":{"rendered":"http:\/\/localhost\/themes\/Pro\/Pinewood-Lake\/Website_WP\/index.php\/getting-started\/"},"modified":"2023-07-10T16:17:44","modified_gmt":"2023-07-10T16:17:44","slug":"getting-started","status":"publish","type":"page","link":"https:\/\/ferien-wohnung-weimar.de\/","title":{"rendered":""},"content":{"rendered":"<p><img loading=\"lazy\" decoding=\"async\" class=\"alignnone size-large wp-image-475\" src=\"https:\/\/ferien-wohnung-weimar.de\/wp-content\/uploads\/AA04E9F8-5201-41E0-9AAF-079C8CB4F850-1024x768.jpeg\" alt=\"\" width=\"1024\" height=\"768\" srcset=\"https:\/\/ferien-wohnung-weimar.de\/wp-content\/uploads\/AA04E9F8-5201-41E0-9AAF-079C8CB4F850-1024x768.jpeg 1024w, https:\/\/ferien-wohnung-weimar.de\/wp-content\/uploads\/AA04E9F8-5201-41E0-9AAF-079C8CB4F850-300x225.jpeg 300w, https:\/\/ferien-wohnung-weimar.de\/wp-content\/uploads\/AA04E9F8-5201-41E0-9AAF-079C8CB4F850-768x576.jpeg 768w, https:\/\/ferien-wohnung-weimar.de\/wp-content\/uploads\/AA04E9F8-5201-41E0-9AAF-079C8CB4F850-1536x1152.jpeg 1536w, https:\/\/ferien-wohnung-weimar.de\/wp-content\/uploads\/AA04E9F8-5201-41E0-9AAF-079C8CB4F850-2048x1536.jpeg 2048w\" sizes=\"auto, (max-width: 1024px) 100vw, 1024px\" \/><\/p>\n<h2 class=\"uk-h1 uk-width-xxlarge uk-text-left uk-scrollspy-inview uk-animation-fade\" data-id=\"page#11\">HERZLICH WILLKOMMEN BEI FERIENWOHNUNG HEINRICH IN WEIMAR<\/h2>\n<div class=\"uk-column-1-2@m uk-column-1-1@s uk-margin uk-width-xxlarge uk-text-left uk-scrollspy-inview uk-animation-fade\" data-id=\"page#12\">\n<p style=\"text-align: left;\"><span style=\"\">Wir empfangen Sie in unserer komfortablen und gro\u00dfz\u00fcgigen<\/span><strong>\u00a0Ferienwohnung<\/strong>.<\/p>\n<p style=\"text-align: left;\">Die richtige<strong>\u00a0Unterkunft<\/strong>\u00a0f\u00fcr einen Besuch in\u00a0<strong>Weimar.<\/strong><\/p>\n<p style=\"text-align: left;\">Unsere Familie ist bem\u00fcht, Ihnen einen erholsamen und erlebnisreichen Aufenthalt<\/p>\n<p style=\"text-align: left;\">in der Kultur- u. Klassikerstadt <strong><a class=\"customize-unpreviewable\" href=\"http:\/\/weimar.de\/\" target=\"_blank\" rel=\"noopener\">Weimar<\/a> <\/strong>und der sch\u00f6nen Umgebung des<strong> <a class=\"customize-unpreviewable\" href=\"http:\/\/www.weimarer-land.de\/\">Weimarer-Landes<\/a><\/strong> zu erm\u00f6glichen.<\/p>\n<p style=\"text-align: left;\">Sie sind recht herzlich eingeladen und wir freuen uns \u00fcber Ihr Kommen.<\/p>\n<p style=\"text-align: left;\">Die\u00a0<strong>Fewo<\/strong>\u00a0befindet sich im ganz ruhig gelegenen Weimarer Ortsteil Gaberndorf.<\/p>\n<\/div>\n<hr \/>\n<p><a href=\"index.php?page_id=20\">Kontakt<\/a><\/p>\n<p><img decoding=\"async\" src=\"wp-content\/uploads\/schillergoethe_275-1.jpg\" alt=\"\" \/><\/p>\n","protected":false},"excerpt":{"rendered":"<p>HERZLICH WILLKOMMEN BEI FERIENWOHNUNG HEINRICH IN WEIMAR Wir empfangen Sie in unserer komfortablen und gro\u00dfz\u00fcgigen\u00a0Ferienwohnung. Die richtige\u00a0Unterkunft\u00a0f\u00fcr einen Besuch in\u00a0Weimar. Unsere Familie ist bem\u00fcht, Ihnen einen erholsamen und erlebnisreichen Aufenthalt in der Kultur- u. Klassikerstadt Weimar und der sch\u00f6nen Umgebung des Weimarer-Landes zu erm\u00f6glichen. Sie sind recht herzlich eingeladen und wir freuen uns \u00fcber Ihr [&hellip;]<\/p>\n","protected":false},"author":1,"featured_media":0,"parent":0,"menu_order":9,"comment_status":"closed","ping_status":"closed","template":"","meta":{"footnotes":""},"class_list":["post-17","page","type-page","status-publish","hentry"],"_links":{"self":[{"href":"https:\/\/ferien-wohnung-weimar.de\/index.php?rest_route=\/wp\/v2\/pages\/17","targetHints":{"allow":["GET"]}}],"collection":[{"href":"https:\/\/ferien-wohnung-weimar.de\/index.php?rest_route=\/wp\/v2\/pages"}],"about":[{"href":"https:\/\/ferien-wohnung-weimar.de\/index.php?rest_route=\/wp\/v2\/types\/page"}],"author":[{"embeddable":true,"href":"https:\/\/ferien-wohnung-weimar.de\/index.php?rest_route=\/wp\/v2\/users\/1"}],"replies":[{"embeddable":true,"href":"https:\/\/ferien-wohnung-weimar.de\/index.php?rest_route=%2Fwp%2Fv2%2Fcomments&post=17"}],"version-history":[{"count":16,"href":"https:\/\/ferien-wohnung-weimar.de\/index.php?rest_route=\/wp\/v2\/pages\/17\/revisions"}],"predecessor-version":[{"id":493,"href":"https:\/\/ferien-wohnung-weimar.de\/index.php?rest_route=\/wp\/v2\/pages\/17\/revisions\/493"}],"wp:attachment":[{"href":"https:\/\/ferien-wohnung-weimar.de\/index.php?rest_route=%2Fwp%2Fv2%2Fmedia&parent=17"}],"curies":[{"name":"wp","href":"https:\/\/api.w.org\/{rel}","templated":true}]}}